{"id":942,"date":"2017-07-21T16:20:56","date_gmt":"2017-07-21T16:20:56","guid":{"rendered":"http:\/\/7freres.com\/?page_id=942"},"modified":"2017-07-24T20:53:50","modified_gmt":"2017-07-24T20:53:50","slug":"landscaping","status":"publish","type":"page","link":"https:\/\/7freres.com\/en\/landscaping\/","title":{"rendered":"LANDSCAPING"},"content":{"rendered":"<p>[vc_row][vc_column][vc_custom_heading text=&#8221;LANDSCAPING&#8221; font_container=&#8221;tag:h2|font_size:30px|text_align:center|color:%230a0a0a&#8221;][vc_separator][vc_column_text]<\/p>\n<p style=\"color: black; font-weight: 500;\">Need help making your dreams come true and embellishing the exterior aesthetics of your home, P\u00e9pini\u00e8re 7 Fr\u00e8res can help you with your landscaping projects thanks to our extensive experience in this market. In addition, you can count on the advice of Our professional horticulturist. Also, you are offered an excellent range of pavers and blocks, accessories and other landscaping related products that will meet your needs. Please visit us or contact us for more information.<\/p>\n<p>[\/vc_column_text][vc_empty_space][vc_row_inner][vc_column_inner width=&#8221;1\/3&#8243;][vc_single_image image=&#8221;812&#8243; img_size=&#8221;320&#215;360&#8243; alignment=&#8221;center&#8221; onclick=&#8221;custom_link&#8221; link=&#8221;http:\/\/7freres.com\/en\/landscaping\/landscaping-projects\/&#8221;][vc_custom_heading text=&#8221;LANDSCAPING PROJECTS&#8221; font_container=&#8221;tag:h2|font_size:23px|text_align:center|color:%230a0a0a&#8221;][\/vc_column_inner][vc_column_inner width=&#8221;1\/3&#8243;][vc_single_image image=&#8221;813&#8243; img_size=&#8221;320&#215;360&#8243; alignment=&#8221;center&#8221; onclick=&#8221;custom_link&#8221; link=&#8221;http:\/\/7freres.com\/en\/landscaping\/pavement-and-blocks\/&#8221;][vc_custom_heading text=&#8221;PAVEMENT AND BLOCKS&#8221; font_container=&#8221;tag:h2|font_size:23px|text_align:center|color:%230a0a0a&#8221;][\/vc_column_inner][vc_column_inner width=&#8221;1\/3&#8243;][vc_single_image image=&#8221;814&#8243; img_size=&#8221;320&#215;360&#8243; alignment=&#8221;center&#8221; onclick=&#8221;custom_link&#8221; link=&#8221;http:\/\/7freres.com\/en\/landscaping\/accessories\/&#8221;][vc_custom_heading text=&#8221;ACCESSORIES&#8221; font_container=&#8221;tag:h2|font_size:23px|text_align:center|color:%230a0a0a&#8221;][\/vc_column_inner][\/vc_row_inner][\/vc_column][\/vc_row][vc_row][vc_column][vc_empty_space height=&#8221;40px&#8221;][\/vc_column][\/vc_row]<\/p>\n","protected":false},"excerpt":{"rendered":"<p>[vc_row][vc_column][vc_custom_heading text=&#8221;LANDSCAPING&#8221; font_container=&#8221;tag:h2|font_size:30px|text_align:center|color:%230a0a0a&#8221;][vc_separator][vc_column_text] Need help making your dreams come true and embellishing the exterior aesthetics of your home, P\u00e9pini\u00e8re 7 Fr\u00e8res can help you with your landscaping projects thanks to our extensive experience in this market. In addition, you can count on the advice of Our professional horticulturist. Also, you are offered an excellent range [&hellip;]<\/p>\n","protected":false},"author":1,"featured_media":0,"parent":0,"menu_order":0,"comment_status":"closed","ping_status":"closed","template":"","meta":[],"yst_prominent_words":[185],"_links":{"self":[{"href":"https:\/\/7freres.com\/en\/wp-json\/wp\/v2\/pages\/942"}],"collection":[{"href":"https:\/\/7freres.com\/en\/wp-json\/wp\/v2\/pages"}],"about":[{"href":"https:\/\/7freres.com\/en\/wp-json\/wp\/v2\/types\/page"}],"author":[{"embeddable":true,"href":"https:\/\/7freres.com\/en\/wp-json\/wp\/v2\/users\/1"}],"replies":[{"embeddable":true,"href":"https:\/\/7freres.com\/en\/wp-json\/wp\/v2\/comments?post=942"}],"version-history":[{"count":0,"href":"https:\/\/7freres.com\/en\/wp-json\/wp\/v2\/pages\/942\/revisions"}],"wp:attachment":[{"href":"https:\/\/7freres.com\/en\/wp-json\/wp\/v2\/media?parent=942"}],"wp:term":[{"taxonomy":"yst_prominent_words","embeddable":true,"href":"https:\/\/7freres.com\/en\/wp-json\/wp\/v2\/yst_prominent_words?post=942"}],"curies":[{"name":"wp","href":"https:\/\/api.w.org\/{rel}","templated":true}]}}